{"id":9087,"date":"2024-09-04T08:44:40","date_gmt":"2024-09-04T08:44:40","guid":{"rendered":"https:\/\/sandrocorapi.hypercms.app\/?page_id=9087"},"modified":"2025-07-17T10:56:56","modified_gmt":"2025-07-17T09:56:56","slug":"calcio","status":"publish","type":"page","link":"https:\/\/wp.sandrocorapi.com\/?page_id=9087","title":{"rendered":"Calcio"},"content":{"rendered":"\t\t<div data-elementor-type=\"wp-page\" data-elementor-id=\"9087\" class=\"elementor elementor-9087\">\n\t\t\t\t<div class=\"elementor-element elementor-element-5663601 e-grid e-con-full e-con e-parent\" data-id=\"5663601\" data-element_type=\"container\">\n\t\t\t\t<div class=\"elementor-element elementor-element-47de2a6 elementor-widget elementor-widget-html\" data-id=\"47de2a6\" data-element_type=\"widget\" data-widget_type=\"html.default\">\n\t\t\t\t<div class=\"elementor-widget-container\">\n\t\t\t\t\t<div style=\"position:relative;padding-top:56.25%;\"><iframe src=\"https:\/\/iframe.mediadelivery.net\/embed\/247067\/1de1ed54-5863-4f3a-b949-4f54f305eb5a?autoplay=true&loop=false&muted=false&preload=true&responsive=true\" loading=\"lazy\" style=\"border:0;position:absolute;top:0;height:100%;width:100%;\" allow=\"accelerometer;gyroscope;autoplay;encrypted-media;picture-in-picture;\" allowfullscreen=\"true\"><\/iframe><\/div>\t\t\t\t<\/div>\n\t\t\t\t<\/div>\n\t\t\t\t<\/div>\n\t\t<div class=\"elementor-element elementor-element-6ef3615 e-flex e-con-boxed e-con e-parent\" data-id=\"6ef3615\" data-element_type=\"container\">\n\t\t\t\t\t<div class=\"e-con-inner\">\n\t\t\t\t<div class=\"elementor-element elementor-element-90955fd elementor-widget elementor-widget-text-editor\" data-id=\"90955fd\" data-element_type=\"widget\" data-widget_type=\"text-editor.default\">\n\t\t\t\t<div class=\"elementor-widget-container\">\n\t\t\t\t\t\t\t\t\t<p style=\"text-align: center;\"><span style=\"font-size: 36pt;\"><strong><span style=\"color: #cda434;\">CALCIO<\/span><\/strong><\/span><\/p><p>\u00a0<\/p><p><span style=\"color: #ff9900;\"><strong>Il calcio non \u00e8 solo uno sport, \u00e8 una passione che brucia dentro, un sogno che migliaia di giocatori coltivano fin da bambini, sperando di diventare campioni. <\/strong><\/span>Ma dietro i riflettori, i contratti milionari e la celebrit\u00e0, esiste un lato meno visibile e altrettanto importante: quello delle sfide personali e delle difficolt\u00e0 emotive e psicologiche che ogni calciatore, famoso o meno, pu\u00f2 incontrare nel suo percorso.<\/p><p><span style=\"color: #ff9900;\"><strong>Sono tante le sfide che possono compromettere la carriera di un giocatore<\/strong><\/span>, che sia alle prime armi o ai massimi livelli.<\/p><ul><li><span style=\"color: #ff9900;\"><strong>Un infortunio grave<\/strong><\/span>, ad esempio, pu\u00f2 mettere a rischio mesi, se non anni, di lavoro duro. La paura di non riuscire a tornare in forma, il dubbio di perdere il posto in squadra o di non essere pi\u00f9 quello di prima.<\/li><li><span style=\"color: #ff9900;\"><strong>Poi ci sono le aspettative<\/strong><\/span>, che sono sempre alte in qualsiasi contesto. Allenatori, tifosi, sponsor e giornalisti hanno tutti opinioni su come dovresti performare. La pressione costante pu\u00f2 diventare un peso insopportabile, influendo negativamente sulle prestazioni in campo.<\/li><li><span style=\"color: #ff9900;\"><strong>Che dire infine del passaggio da una squadra all\u2019altra, del cambio di allenatore o persino della fine di una carriera<\/strong><\/span>: sono tutti momenti delicati che possono generare ansia e incertezza. Trovare un nuovo equilibrio \u00e8 cruciale per evitare crolli emotivi.<\/li><\/ul><p>Se l\u2019allenamento fisico \u00e8 fondamentale per eccellere in campo, la forza mentale \u00e8 il vero elemento che fa la differenza tra un buon calciatore e un campione. <span style=\"color: #ff9900;\"><strong>L\u201980% del successo di un calciatore dipende dalla sua capacit\u00e0 di gestire lo stress, di rimanere motivato e di non farsi schiacciare dalle emozioni negative.<\/strong><\/span> Proprio per questo \u00e8 altrettanto importante allenare la mente, al pari del corpo. Rafforzarsi mentalmente non significa solo resistere alle pressioni, ma anche sviluppare la capacit\u00e0 di restare concentrati nei momenti critici, di rimanere motivati quando le cose non vanno come previsto e di rialzarsi pi\u00f9 forti dopo ogni caduta.<\/p><p>La forza mentale non \u00e8 un talento innato, ma una competenza che pu\u00f2 essere sviluppata. Ed \u00e8 qui che entra in gioco la figura del mental coach.<\/p>\t\t\t\t\t\t\t\t<\/div>\n\t\t\t\t<\/div>\n\t\t\t\t\t<\/div>\n\t\t\t\t<\/div>\n\t\t<div class=\"elementor-element elementor-element-ad4cf27 e-grid e-con-boxed e-con e-parent\" data-id=\"ad4cf27\" data-element_type=\"container\">\n\t\t\t\t\t<div class=\"e-con-inner\">\n\t\t\t\t<div class=\"elementor-element elementor-element-854a5ca elementor-widget elementor-widget-image\" data-id=\"854a5ca\" data-element_type=\"widget\" data-widget_type=\"image.default\">\n\t\t\t\t<div class=\"elementor-widget-container\">\n\t\t\t\t\t\t\t\t\t\t\t\t\t\t\t<img fetchpriority=\"high\" decoding=\"async\" width=\"930\" height=\"618\" src=\"https:\/\/wp.sandrocorapi.com\/wp-content\/uploads\/2024\/09\/RIC3159-1024x681.jpg\" class=\"attachment-large size-large wp-image-10140\" alt=\"\" srcset=\"https:\/\/wp.sandrocorapi.com\/wp-content\/uploads\/2024\/09\/RIC3159-1024x681.jpg 1024w, https:\/\/wp.sandrocorapi.com\/wp-content\/uploads\/2024\/09\/RIC3159-300x200.jpg 300w, https:\/\/wp.sandrocorapi.com\/wp-content\/uploads\/2024\/09\/RIC3159-scaled-600x399.jpg 600w, https:\/\/wp.sandrocorapi.com\/wp-content\/uploads\/2024\/09\/RIC3159-768x511.jpg 768w, https:\/\/wp.sandrocorapi.com\/wp-content\/uploads\/2024\/09\/RIC3159-1536x1022.jpg 1536w, https:\/\/wp.sandrocorapi.com\/wp-content\/uploads\/2024\/09\/RIC3159-2048x1363.jpg 2048w, https:\/\/wp.sandrocorapi.com\/wp-content\/uploads\/2024\/09\/RIC3159-2000x1331.jpg 2000w, https:\/\/wp.sandrocorapi.com\/wp-content\/uploads\/2024\/09\/RIC3159-1000x665.jpg 1000w, https:\/\/wp.sandrocorapi.com\/wp-content\/uploads\/2024\/09\/RIC3159-1800x1198.jpg 1800w, https:\/\/wp.sandrocorapi.com\/wp-content\/uploads\/2024\/09\/RIC3159-842x560.jpg 842w, https:\/\/wp.sandrocorapi.com\/wp-content\/uploads\/2024\/09\/RIC3159-1320x878.jpg 1320w\" sizes=\"(max-width: 930px) 100vw, 930px\" \/>\t\t\t\t\t\t\t\t\t\t\t\t\t\t\t<\/div>\n\t\t\t\t<\/div>\n\t\t\t\t<div class=\"elementor-element elementor-element-312707b elementor-widget elementor-widget-image\" data-id=\"312707b\" data-element_type=\"widget\" data-widget_type=\"image.default\">\n\t\t\t\t<div class=\"elementor-widget-container\">\n\t\t\t\t\t\t\t\t\t\t\t\t\t\t\t<img decoding=\"async\" width=\"930\" height=\"618\" src=\"https:\/\/wp.sandrocorapi.com\/wp-content\/uploads\/2024\/09\/R1M7379-1024x681.jpg\" class=\"attachment-large size-large wp-image-10147\" alt=\"\" srcset=\"https:\/\/wp.sandrocorapi.com\/wp-content\/uploads\/2024\/09\/R1M7379-1024x681.jpg 1024w, https:\/\/wp.sandrocorapi.com\/wp-content\/uploads\/2024\/09\/R1M7379-300x200.jpg 300w, https:\/\/wp.sandrocorapi.com\/wp-content\/uploads\/2024\/09\/R1M7379-scaled-600x399.jpg 600w, https:\/\/wp.sandrocorapi.com\/wp-content\/uploads\/2024\/09\/R1M7379-768x511.jpg 768w, https:\/\/wp.sandrocorapi.com\/wp-content\/uploads\/2024\/09\/R1M7379-1536x1022.jpg 1536w, https:\/\/wp.sandrocorapi.com\/wp-content\/uploads\/2024\/09\/R1M7379-2048x1363.jpg 2048w, https:\/\/wp.sandrocorapi.com\/wp-content\/uploads\/2024\/09\/R1M7379-2000x1331.jpg 2000w, https:\/\/wp.sandrocorapi.com\/wp-content\/uploads\/2024\/09\/R1M7379-1000x665.jpg 1000w, https:\/\/wp.sandrocorapi.com\/wp-content\/uploads\/2024\/09\/R1M7379-1800x1198.jpg 1800w, https:\/\/wp.sandrocorapi.com\/wp-content\/uploads\/2024\/09\/R1M7379-842x560.jpg 842w, https:\/\/wp.sandrocorapi.com\/wp-content\/uploads\/2024\/09\/R1M7379-1320x878.jpg 1320w\" sizes=\"(max-width: 930px) 100vw, 930px\" \/>\t\t\t\t\t\t\t\t\t\t\t\t\t\t\t<\/div>\n\t\t\t\t<\/div>\n\t\t\t\t<div class=\"elementor-element elementor-element-a3f8f38 elementor-widget elementor-widget-image\" data-id=\"a3f8f38\" data-element_type=\"widget\" data-widget_type=\"image.default\">\n\t\t\t\t<div class=\"elementor-widget-container\">\n\t\t\t\t\t\t\t\t\t\t\t\t\t\t\t<img decoding=\"async\" width=\"930\" height=\"620\" src=\"https:\/\/wp.sandrocorapi.com\/wp-content\/uploads\/2024\/10\/0EM_7079-1-1-1024x683.jpg\" class=\"attachment-large size-large wp-image-10485\" alt=\"\" srcset=\"https:\/\/wp.sandrocorapi.com\/wp-content\/uploads\/2024\/10\/0EM_7079-1-1-1024x683.jpg 1024w, https:\/\/wp.sandrocorapi.com\/wp-content\/uploads\/2024\/10\/0EM_7079-1-1-300x200.jpg 300w, https:\/\/wp.sandrocorapi.com\/wp-content\/uploads\/2024\/10\/0EM_7079-1-1-768x512.jpg 768w, https:\/\/wp.sandrocorapi.com\/wp-content\/uploads\/2024\/10\/0EM_7079-1-1-1000x667.jpg 1000w, https:\/\/wp.sandrocorapi.com\/wp-content\/uploads\/2024\/10\/0EM_7079-1-1-840x560.jpg 840w, https:\/\/wp.sandrocorapi.com\/wp-content\/uploads\/2024\/10\/0EM_7079-1-1-1320x880.jpg 1320w, https:\/\/wp.sandrocorapi.com\/wp-content\/uploads\/2024\/10\/0EM_7079-1-1-600x400.jpg 600w, https:\/\/wp.sandrocorapi.com\/wp-content\/uploads\/2024\/10\/0EM_7079-1-1.jpg 1440w\" sizes=\"(max-width: 930px) 100vw, 930px\" \/>\t\t\t\t\t\t\t\t\t\t\t\t\t\t\t<\/div>\n\t\t\t\t<\/div>\n\t\t\t\t\t<\/div>\n\t\t\t\t<\/div>\n\t\t<div class=\"elementor-element elementor-element-4269e7d e-flex e-con-boxed e-con e-parent\" data-id=\"4269e7d\" data-element_type=\"container\">\n\t\t\t\t\t<div class=\"e-con-inner\">\n\t\t\t\t<div class=\"elementor-element elementor-element-21d4091 elementor-widget elementor-widget-text-editor\" data-id=\"21d4091\" data-element_type=\"widget\" data-widget_type=\"text-editor.default\">\n\t\t\t\t<div class=\"elementor-widget-container\">\n\t\t\t\t\t\t\t\t\t<p><span style=\"color: #ff9900;\"><strong>Un professionista come Sandro Corapi \u00e8 specializzato nell\u2019accompagnare i calciatori attraverso ogni sfida mentale ed emotiva<\/strong>,<\/span> aiutandoli a non lasciarsi travolgere dalle difficolt\u00e0, ma a vederle come opportunit\u00e0 di crescita. Nella sua carriera ha supportato campioni e giovani talenti nel loro percorso calcistico, aiutandoli a sviluppare una mentalit\u00e0 vincente, a gestire le pressioni e a ritrovare la fiducia migliorando la capacit\u00e0 di:<\/p><ul><li><span style=\"color: #ff9900;\"><strong>Gestire lo stress<\/strong><\/span><\/li><li><span style=\"color: #ff9900;\"><strong>Aumentare la resilienza<\/strong><\/span><\/li><li><span style=\"color: #ff9900;\"><strong>Migliorare la concentrazione<\/strong><\/span><\/li><li><span style=\"color: #ff9900;\"><strong>Ritrovare la fiducia in te stesso<\/strong><\/span><\/li><\/ul><p>Se il calcio \u00e8 la tua vita e sogni di arrivare al massimo delle tue possibilit\u00e0, allenare la tua mente con l\u2019aiuto di un professionista come Sandro Corapi ti permetter\u00e0 allenarti a diventare non solo un giocatore migliore, ma anche una persona pi\u00f9 forte e consapevole.<\/p>\t\t\t\t\t\t\t\t<\/div>\n\t\t\t\t<\/div>\n\t\t\t\t\t<\/div>\n\t\t\t\t<\/div>\n\t\t\t\t<\/div>\n\t\t","protected":false},"excerpt":{"rendered":"<p>CALCIO \u00a0 Il calcio non \u00e8 solo uno sport, \u00e8 una passione che brucia dentro, un sogno che migliaia di giocatori coltivano fin da bambini, sperando di diventare campioni. Ma dietro i riflettori, i contratti milionari e la celebrit\u00e0, esiste un lato meno visibile e altrettanto importante: quello delle sfide [&hellip;]<\/p>\n","protected":false},"author":1,"featured_media":0,"parent":0,"menu_order":0,"comment_status":"closed","ping_status":"closed","template":"elementor_header_footer","meta":{"om_disable_all_campaigns":false,"_sitemap_exclude":false,"_sitemap_priority":"","_sitemap_frequency":"","footnotes":""},"class_list":["post-9087","page","type-page","status-publish","hentry"],"featured_media_urls":[],"_links":{"self":[{"href":"https:\/\/wp.sandrocorapi.com\/index.php?rest_route=\/wp\/v2\/pages\/9087","targetHints":{"allow":["GET"]}}],"collection":[{"href":"https:\/\/wp.sandrocorapi.com\/index.php?rest_route=\/wp\/v2\/pages"}],"about":[{"href":"https:\/\/wp.sandrocorapi.com\/index.php?rest_route=\/wp\/v2\/types\/page"}],"author":[{"embeddable":true,"href":"https:\/\/wp.sandrocorapi.com\/index.php?rest_route=\/wp\/v2\/users\/1"}],"replies":[{"embeddable":true,"href":"https:\/\/wp.sandrocorapi.com\/index.php?rest_route=%2Fwp%2Fv2%2Fcomments&post=9087"}],"version-history":[{"count":9,"href":"https:\/\/wp.sandrocorapi.com\/index.php?rest_route=\/wp\/v2\/pages\/9087\/revisions"}],"predecessor-version":[{"id":12117,"href":"https:\/\/wp.sandrocorapi.com\/index.php?rest_route=\/wp\/v2\/pages\/9087\/revisions\/12117"}],"wp:attachment":[{"href":"https:\/\/wp.sandrocorapi.com\/index.php?rest_route=%2Fwp%2Fv2%2Fmedia&parent=9087"}],"curies":[{"name":"wp","href":"https:\/\/api.w.org\/{rel}","templated":true}]}}