{"id":565,"date":"2024-06-28T11:44:10","date_gmt":"2024-06-28T11:44:10","guid":{"rendered":"https:\/\/sandrocorapi.hypercms.app\/?page_id=565"},"modified":"2025-07-17T10:42:39","modified_gmt":"2025-07-17T09:42:39","slug":"biografia","status":"publish","type":"page","link":"https:\/\/wp.sandrocorapi.com\/?page_id=565","title":{"rendered":"Biografia"},"content":{"rendered":"\t\t<div data-elementor-type=\"wp-page\" data-elementor-id=\"565\" class=\"elementor elementor-565\">\n\t\t\t\t<div class=\"elementor-element elementor-element-b2d7147 e-grid e-con-full e-con e-parent\" data-id=\"b2d7147\" data-element_type=\"container\">\n\t\t\t\t<div class=\"elementor-element elementor-element-8f8ac14 elementor-widget elementor-widget-html\" data-id=\"8f8ac14\" data-element_type=\"widget\" data-widget_type=\"html.default\">\n\t\t\t\t<div class=\"elementor-widget-container\">\n\t\t\t\t\t<div style=\"position:relative;padding-top:56.25%;\"><iframe src=\"https:\/\/iframe.mediadelivery.net\/embed\/247067\/04286aee-fcbd-4ebe-a2ed-bc00d18ca6f0?autoplay=true&loop=false&muted=false&preload=true&responsive=true\" loading=\"lazy\" style=\"border:0;position:absolute;top:0;height:100%;width:100%;\" allow=\"accelerometer;gyroscope;autoplay;encrypted-media;picture-in-picture;\" allowfullscreen=\"true\"><\/iframe><\/div>\t\t\t\t<\/div>\n\t\t\t\t<\/div>\n\t\t\t\t<\/div>\n\t\t<div class=\"elementor-element elementor-element-7111dab e-flex e-con-boxed e-con e-parent\" data-id=\"7111dab\" data-element_type=\"container\">\n\t\t\t\t\t<div class=\"e-con-inner\">\n\t\t<div class=\"elementor-element elementor-element-984f6b1 e-con-full e-flex e-con e-child\" data-id=\"984f6b1\" data-element_type=\"container\">\n\t\t\t\t<div class=\"elementor-element elementor-element-965710b elementor-widget elementor-widget-text-editor\" data-id=\"965710b\" data-element_type=\"widget\" data-widget_type=\"text-editor.default\">\n\t\t\t\t<div class=\"elementor-widget-container\">\n\t\t\t\t\t\t\t\t\t<p>Chi \u00e8 Sandro Corapi.<\/p><p><span style=\"color: #ff9900;\"><strong>Sandro Corapi \u00e8 un Mental Coach che da oltre trent\u2019anni si dedica al mondo della formazione, della motivazione e della crescita personale<\/strong>.<\/span> Tantissimi i riconoscimenti che gli sono stati assegnati e che si \u00e8 conquistato lavorando sul campo. Tra questi, l\u2019ultima esperienza manageriale come <strong><span style=\"color: #ff9900;\">responsabile Italia di Partner Time del Gruppo Mediolanum<\/span><\/strong><span style=\"color: #ff9900;\">.<\/span> Ha raggiunto i vertici in tutte le aziende nelle quali ha collaborato.<\/p><p><span style=\"color: #ff9900;\"><strong>L\u2019efficacia delle sue tecniche di coaching \u00e8 stata ampiamente dimostrata\u00a0in ogni campo ai massimi livelli<\/strong>.<\/span> La sua attitudine nel comunicare in modo chiaro ed efficace, l\u2019energia che mette in ogni progetto, la capacit\u00e0 empatica di \u201csintonizzarsi\u201d con le emozioni e i pensieri degli altri, fanno di Sandro Corapi\u00a0<strong><span style=\"color: #ff9900;\">un punto di riferimento<\/span>\u00a0<\/strong>nel campo dei mental coach italiani.<\/p><p>Ha lavorato e lavora al fianco di personalit\u00e0 influenti, nomi autorevoli e atleti top player, insegnando loro come\u00a0<span style=\"color: #ff9900;\"><strong>migliorare<\/strong>,\u00a0<strong>innovare<\/strong>\u00a0<strong>e<\/strong>\u00a0<strong>crescere costantemente<\/strong>.<\/span> \u00c8 nello sport che Sandro Corapi \u00e8 riuscito a ottenere i successi pi\u00f9 rilevanti dal punto di vista mediatico.<span style=\"color: #ff9900;\"> <strong>Il suo nome \u00e8 associato alla finale di Coppa Italia del 26 maggio 2013, quella vinta da Mental Coach ufficiale della SS Lazio nel derby contro l\u2019AS Roma<\/strong>.<\/span><\/p><p><span style=\"color: #ff9900;\"><strong>Sandro Corapi \u00e8 l\u2019autore dei libri \u201cChange Your Life: 7 passi per cambiare il tuo destino\u201d e \u201cNella testa del campione\u201d<\/strong><\/span>, con i quali spiega le tecniche che ha utilizzato con i grandi campioni del mondo dello sport, per vincere prima nella propria testa e poi sul campo.<\/p><p><span style=\"color: #ff9900;\"><strong>\u00c8<\/strong><strong> il fondatore della Corapi Coaching Academy<\/strong><\/span>, volta alla formazione di Life, Sport e Business Coach, <span style=\"color: #ff9900;\"><strong>ed \u00e8 l\u2019ideatore di Mental Club<\/strong><\/span>, un\u2019opportunit\u00e0 formativa a 360 gradi, una community che ha fatto dell\u2019energia circolante e continua uno dei punti di forza che la rendono un progetto unico al mondo.<\/p>\t\t\t\t\t\t\t\t<\/div>\n\t\t\t\t<\/div>\n\t\t\t\t<\/div>\n\t\t<div class=\"elementor-element elementor-element-7b01192 e-con-full e-flex e-con e-child\" data-id=\"7b01192\" data-element_type=\"container\">\n\t\t\t\t<div class=\"elementor-element elementor-element-6b1ca6f elementor-widget elementor-widget-image\" data-id=\"6b1ca6f\" data-element_type=\"widget\" data-widget_type=\"image.default\">\n\t\t\t\t<div class=\"elementor-widget-container\">\n\t\t\t\t\t\t\t\t\t\t\t\t\t\t\t<img fetchpriority=\"high\" decoding=\"async\" width=\"576\" height=\"1024\" src=\"https:\/\/wp.sandrocorapi.com\/wp-content\/uploads\/2024\/09\/24-576x1024.png\" class=\"attachment-large size-large wp-image-9701\" alt=\"\" srcset=\"https:\/\/wp.sandrocorapi.com\/wp-content\/uploads\/2024\/09\/24-576x1024.png 576w, https:\/\/wp.sandrocorapi.com\/wp-content\/uploads\/2024\/09\/24-300x533.png 300w, https:\/\/wp.sandrocorapi.com\/wp-content\/uploads\/2024\/09\/24-600x1067.png 600w, https:\/\/wp.sandrocorapi.com\/wp-content\/uploads\/2024\/09\/24-169x300.png 169w, https:\/\/wp.sandrocorapi.com\/wp-content\/uploads\/2024\/09\/24-768x1365.png 768w, https:\/\/wp.sandrocorapi.com\/wp-content\/uploads\/2024\/09\/24-315x560.png 315w, https:\/\/wp.sandrocorapi.com\/wp-content\/uploads\/2024\/09\/24.png 864w\" sizes=\"(max-width: 576px) 100vw, 576px\" \/>\t\t\t\t\t\t\t\t\t\t\t\t\t\t\t<\/div>\n\t\t\t\t<\/div>\n\t\t\t\t<\/div>\n\t\t<div class=\"elementor-element elementor-element-673d690 e-con-full e-flex e-con e-child\" data-id=\"673d690\" data-element_type=\"container\">\n\t\t\t\t<div class=\"elementor-element elementor-element-a9da05d elementor-widget elementor-widget-text-editor\" data-id=\"a9da05d\" data-element_type=\"widget\" data-widget_type=\"text-editor.default\">\n\t\t\t\t<div class=\"elementor-widget-container\">\n\t\t\t\t\t\t\t\t\t<p>Sandro\u00a0Corapi ha dedicato tutta la sua vita allo studio della materia della gestione e motivazione delle risorse umane, il suo modello si basa sulle ultime ricerche delle neuroscienze in ambito dello sviluppo del cervello e della mente. <span style=\"color: #ff9900;\"><strong>Il focus \u00e8 un cambio di mindset, con l\u2019obiettivo di creare una mentalit\u00e0 vincente. <\/strong><\/span><\/p><p><span style=\"color: #ff9900;\"><strong>Da qui nasce \u201cVita da Leader\u201d<\/strong><\/span>, un evento di due giorni che pu\u00f2 davvero dare una risposta a tutte le domande che ci poniamo sul senso della nostra vita, delle nostre scelte, dei nostri sogni.<\/p>\t\t\t\t\t\t\t\t<\/div>\n\t\t\t\t<\/div>\n\t\t\t\t<\/div>\n\t\t\t\t\t<\/div>\n\t\t\t\t<\/div>\n\t\t\t\t<\/div>\n\t\t","protected":false},"excerpt":{"rendered":"<p>Chi \u00e8 Sandro Corapi. Sandro Corapi \u00e8 un Mental Coach che da oltre trent\u2019anni si dedica al mondo della formazione, della motivazione e della crescita personale. Tantissimi i riconoscimenti che gli sono stati assegnati e che si \u00e8 conquistato lavorando sul campo. Tra questi, l\u2019ultima esperienza manageriale come responsabile Italia [&hellip;]<\/p>\n","protected":false},"author":1,"featured_media":0,"parent":0,"menu_order":0,"comment_status":"closed","ping_status":"closed","template":"elementor_header_footer","meta":{"om_disable_all_campaigns":false,"_sitemap_exclude":false,"_sitemap_priority":"","_sitemap_frequency":"","footnotes":""},"class_list":["post-565","page","type-page","status-publish","hentry"],"featured_media_urls":[],"_links":{"self":[{"href":"https:\/\/wp.sandrocorapi.com\/index.php?rest_route=\/wp\/v2\/pages\/565","targetHints":{"allow":["GET"]}}],"collection":[{"href":"https:\/\/wp.sandrocorapi.com\/index.php?rest_route=\/wp\/v2\/pages"}],"about":[{"href":"https:\/\/wp.sandrocorapi.com\/index.php?rest_route=\/wp\/v2\/types\/page"}],"author":[{"embeddable":true,"href":"https:\/\/wp.sandrocorapi.com\/index.php?rest_route=\/wp\/v2\/users\/1"}],"replies":[{"embeddable":true,"href":"https:\/\/wp.sandrocorapi.com\/index.php?rest_route=%2Fwp%2Fv2%2Fcomments&post=565"}],"version-history":[{"count":9,"href":"https:\/\/wp.sandrocorapi.com\/index.php?rest_route=\/wp\/v2\/pages\/565\/revisions"}],"predecessor-version":[{"id":12086,"href":"https:\/\/wp.sandrocorapi.com\/index.php?rest_route=\/wp\/v2\/pages\/565\/revisions\/12086"}],"wp:attachment":[{"href":"https:\/\/wp.sandrocorapi.com\/index.php?rest_route=%2Fwp%2Fv2%2Fmedia&parent=565"}],"curies":[{"name":"wp","href":"https:\/\/api.w.org\/{rel}","templated":true}]}}