{"id":10495,"date":"2024-10-09T14:41:12","date_gmt":"2024-10-09T14:41:12","guid":{"rendered":"https:\/\/sandrocorapi.com\/?page_id=10495"},"modified":"2025-07-17T10:51:13","modified_gmt":"2025-07-17T09:51:13","slug":"academy-2","status":"publish","type":"page","link":"https:\/\/wp.sandrocorapi.com\/?page_id=10495","title":{"rendered":"Coaching &#038; Servizi"},"content":{"rendered":"\t\t<div data-elementor-type=\"wp-page\" data-elementor-id=\"10495\" class=\"elementor elementor-10495\">\n\t\t\t\t<div class=\"elementor-element elementor-element-5d09054 e-grid e-con-boxed e-con e-parent\" data-id=\"5d09054\" data-element_type=\"container\">\n\t\t\t\t\t<div class=\"e-con-inner\">\n\t\t\t\t<div class=\"elementor-element elementor-element-a944bf7 elementor-widget elementor-widget-html\" data-id=\"a944bf7\" data-element_type=\"widget\" data-widget_type=\"html.default\">\n\t\t\t\t<div class=\"elementor-widget-container\">\n\t\t\t\t\t<div style=\"position:relative;padding-top:56.25%;\"><iframe src=\"https:\/\/iframe.mediadelivery.net\/embed\/247067\/37d816c3-59cb-432d-9b4f-13a68be7445f?autoplay=true&loop=false&muted=false&preload=true&responsive=true\" loading=\"lazy\" style=\"border:0;position:absolute;top:0;height:100%;width:100%;\" allow=\"accelerometer;gyroscope;autoplay;encrypted-media;picture-in-picture;\" allowfullscreen=\"true\"><\/iframe><\/div>\t\t\t\t<\/div>\n\t\t\t\t<\/div>\n\t\t\t\t\t<\/div>\n\t\t\t\t<\/div>\n\t\t<div class=\"elementor-element elementor-element-7c9c424 e-flex e-con-boxed e-con e-parent\" data-id=\"7c9c424\" data-element_type=\"container\">\n\t\t\t\t\t<div class=\"e-con-inner\">\n\t\t\t\t<div class=\"elementor-element elementor-element-a3b04f0 elementor-widget elementor-widget-text-editor\" data-id=\"a3b04f0\" data-element_type=\"widget\" data-widget_type=\"text-editor.default\">\n\t\t\t\t<div class=\"elementor-widget-container\">\n\t\t\t\t\t\t\t\t\t<p><span style=\"color: #cda434; font-size: 18pt;\"><strong>Servizi Offerti da Sandro Corapi: Sedute di Life Coaching, Business Coaching, Team Coaching e Speech Motivazionali<\/strong><\/span><\/p><p><span style=\"font-size: 14pt;\">Il mental coach \u00e8 una figura che vale molto pi\u00f9 di quanto una persona possa pensare. \u00c8 un alleato strategico che ti accompagna nella scoperta e nello sviluppo del tuo potenziale. Con una solida esperienza alle spalle, Sandro Corapi ha guidato con successo migliaia di persone e team verso la realizzazione di obiettivi straordinari. I suoi servizi sono il frutto di un percorso approfondito di crescita umana e professionale, studiati per sbloccare nuove opportunit\u00e0 in ogni ambito della vita. Con il suo approccio unico e personalizzato, Sandro trasforma sfide in trampolini di lancio, aiutando a migliorare non solo la vita quotidiana, ma anche le tue prestazioni lavorative e la coesione di un team.<\/span><\/p><p>\u00a0<\/p><p><span style=\"color: #cda434; font-size: 14pt;\"><strong>Perch\u00e9 scegliere Sandro Corapi?<\/strong><\/span><\/p><p><span style=\"font-size: 14pt;\">Sandro Corapi \u00e8 una guida esperta, capace di aiutarti a scoprire il tuo pieno potenziale e a superare le sfide, sia personali che professionali. Grazie alla sua esperienza con atleti, imprenditori e leader di successo, ha sviluppato un approccio unico e altamente efficace nel coaching. I suoi servizi di <span style=\"color: #cda434;\"><strong>Life Coaching, Business Coaching, Team Coaching<\/strong> e <strong>Speech Motivazionali<\/strong> <\/span>sono disegnati per chiunque desideri migliorare s\u00e9 stesso, il proprio team e le proprie performance. Non aspettare. Per cambiare il tuo futuro, devi cambiare prima il tuo presente.<\/span><\/p>\t\t\t\t\t\t\t\t<\/div>\n\t\t\t\t<\/div>\n\t\t\t\t\t<\/div>\n\t\t\t\t<\/div>\n\t\t\t\t<\/div>\n\t\t","protected":false},"excerpt":{"rendered":"<p>Servizi Offerti da Sandro Corapi: Sedute di Life Coaching, Business Coaching, Team Coaching e Speech Motivazionali Il mental coach \u00e8 una figura che vale molto pi\u00f9 di quanto una persona possa pensare. \u00c8 un alleato strategico che ti accompagna nella scoperta e nello sviluppo del tuo potenziale. Con una solida [&hellip;]<\/p>\n","protected":false},"author":1,"featured_media":0,"parent":0,"menu_order":0,"comment_status":"closed","ping_status":"closed","template":"elementor_header_footer","meta":{"om_disable_all_campaigns":false,"_sitemap_exclude":false,"_sitemap_priority":"","_sitemap_frequency":"","footnotes":""},"class_list":["post-10495","page","type-page","status-publish","hentry"],"featured_media_urls":[],"_links":{"self":[{"href":"https:\/\/wp.sandrocorapi.com\/index.php?rest_route=\/wp\/v2\/pages\/10495","targetHints":{"allow":["GET"]}}],"collection":[{"href":"https:\/\/wp.sandrocorapi.com\/index.php?rest_route=\/wp\/v2\/pages"}],"about":[{"href":"https:\/\/wp.sandrocorapi.com\/index.php?rest_route=\/wp\/v2\/types\/page"}],"author":[{"embeddable":true,"href":"https:\/\/wp.sandrocorapi.com\/index.php?rest_route=\/wp\/v2\/users\/1"}],"replies":[{"embeddable":true,"href":"https:\/\/wp.sandrocorapi.com\/index.php?rest_route=%2Fwp%2Fv2%2Fcomments&post=10495"}],"version-history":[{"count":15,"href":"https:\/\/wp.sandrocorapi.com\/index.php?rest_route=\/wp\/v2\/pages\/10495\/revisions"}],"predecessor-version":[{"id":12108,"href":"https:\/\/wp.sandrocorapi.com\/index.php?rest_route=\/wp\/v2\/pages\/10495\/revisions\/12108"}],"wp:attachment":[{"href":"https:\/\/wp.sandrocorapi.com\/index.php?rest_route=%2Fwp%2Fv2%2Fmedia&parent=10495"}],"curies":[{"name":"wp","href":"https:\/\/api.w.org\/{rel}","templated":true}]}}